{"id":5577,"date":"2020-10-21T17:44:31","date_gmt":"2020-10-21T15:44:31","guid":{"rendered":"https:\/\/sogetel.com\/affaires\/?page_id=5577"},"modified":"2025-02-05T13:49:46","modified_gmt":"2025-02-05T18:49:46","slug":"reseau-prive-securise","status":"publish","type":"page","link":"https:\/\/sogetel.com\/affaires\/reseau-prive-securise","title":{"rendered":"R\u00e9seau priv\u00e9 s\u00e9curis\u00e9"},"content":{"rendered":"","protected":false},"excerpt":{"rendered":"","protected":false},"author":1,"featured_media":0,"parent":0,"menu_order":0,"comment_status":"closed","ping_status":"closed","template":"template-service.php","meta":[],"acf":[],"lang":"fr","translations":{"en":6329,"fr":5577},"pll_sync_post":[],"_links":{"self":[{"href":"https:\/\/sogetel.com\/affaires\/wp-json\/wp\/v2\/pages\/5577"}],"collection":[{"href":"https:\/\/sogetel.com\/affaires\/wp-json\/wp\/v2\/pages"}],"about":[{"href":"https:\/\/sogetel.com\/affaires\/wp-json\/wp\/v2\/types\/page"}],"author":[{"embeddable":true,"href":"https:\/\/sogetel.com\/affaires\/wp-json\/wp\/v2\/users\/1"}],"replies":[{"embeddable":true,"href":"https:\/\/sogetel.com\/affaires\/wp-json\/wp\/v2\/comments?post=5577"}],"version-history":[{"count":13,"href":"https:\/\/sogetel.com\/affaires\/wp-json\/wp\/v2\/pages\/5577\/revisions"}],"predecessor-version":[{"id":7373,"href":"https:\/\/sogetel.com\/affaires\/wp-json\/wp\/v2\/pages\/5577\/revisions\/7373"}],"wp:attachment":[{"href":"https:\/\/sogetel.com\/affaires\/wp-json\/wp\/v2\/media?parent=5577"}],"curies":[{"name":"wp","href":"https:\/\/api.w.org\/{rel}","templated":true}]}}